{"id":603,"date":"2018-05-24T14:26:04","date_gmt":"2018-05-24T14:26:04","guid":{"rendered":"http:\/\/localhost\/sport4fun\/?page_id=603"},"modified":"2018-05-24T14:26:04","modified_gmt":"2018-05-24T14:26:04","slug":"contact","status":"publish","type":"page","link":"https:\/\/www.sport4fun.si\/en\/contact\/","title":{"rendered":"Contact"},"content":{"rendered":"<p><strong>041-975-878<\/strong> (Maru\u0161a)\u00a0and <strong>041-889-916<\/strong> (Rok)<\/p>\n<p><a href=\"mailto:marusa.malej@gmail.com\">marusa.malej@gmail.com<\/a><\/p>\n<p>Izvajanje \u0161portnih dejavnosti<br \/>\nMaru\u0161a Malej s.p.<br \/>\nRib\u010dev Laz 78<br \/>\n4265 Boh. Jezero<br \/>\nID. \u0161t.:73573043<br \/>\nZavezanec za DDV: Ne<\/p>\n<h2>Location<\/h2>\n<p><iframe loading=\"lazy\" style=\"border: 0;\" src=\"https:\/\/www.google.com\/maps\/embed?pb=!1m18!1m12!1m3!1d2757.786720217796!2d13.946926315806918!3d46.27434268704018!2m3!1f0!2f0!3f0!3m2!1i1024!2i768!4f13.1!3m3!1m2!1s0x477aed5a0acb93df%3A0x42b9119be6502406!2sSport4fun%2C+%C5%A1portne+dejavnosti%2C+Rok+Jensterle+s.p.!5e0!3m2!1sen!2ssi!4v1526654407568\" width=\"600\" height=\"450\" frameborder=\"0\" allowfullscreen=\"allowfullscreen\" data-mce-fragment=\"1\"><\/iframe><\/p>\n","protected":false},"excerpt":{"rendered":"<p>041-975-878 (Maru\u0161a)\u00a0and 041-889-916 (Rok) marusa.malej@gmail.com Izvajanje \u0161portnih dejavnosti Maru\u0161a Malej s.p. Rib\u010dev Laz 78 4265 Boh. Jezero ID. \u0161t.:73573043 Zavezanec za DDV: Ne Location<\/p>\n","protected":false},"author":1,"featured_media":881,"parent":0,"menu_order":0,"comment_status":"closed","ping_status":"closed","template":"","meta":[],"acf":[],"_links":{"self":[{"href":"https:\/\/www.sport4fun.si\/en\/wp-json\/wp\/v2\/pages\/603"}],"collection":[{"href":"https:\/\/www.sport4fun.si\/en\/wp-json\/wp\/v2\/pages"}],"about":[{"href":"https:\/\/www.sport4fun.si\/en\/wp-json\/wp\/v2\/types\/page"}],"author":[{"embeddable":true,"href":"https:\/\/www.sport4fun.si\/en\/wp-json\/wp\/v2\/users\/1"}],"replies":[{"embeddable":true,"href":"https:\/\/www.sport4fun.si\/en\/wp-json\/wp\/v2\/comments?post=603"}],"version-history":[{"count":1,"href":"https:\/\/www.sport4fun.si\/en\/wp-json\/wp\/v2\/pages\/603\/revisions"}],"predecessor-version":[{"id":604,"href":"https:\/\/www.sport4fun.si\/en\/wp-json\/wp\/v2\/pages\/603\/revisions\/604"}],"wp:featuredmedia":[{"embeddable":true,"href":"https:\/\/www.sport4fun.si\/en\/wp-json\/wp\/v2\/media\/881"}],"wp:attachment":[{"href":"https:\/\/www.sport4fun.si\/en\/wp-json\/wp\/v2\/media?parent=603"}],"curies":[{"name":"wp","href":"https:\/\/api.w.org\/{rel}","templated":true}]}}